{"id":5506,"date":"2019-04-18T11:37:00","date_gmt":"2019-04-18T11:37:00","guid":{"rendered":"https:\/\/themegamerchant.com\/megamerchant-eczacibasi\/"},"modified":"2023-06-21T07:46:44","modified_gmt":"2023-06-21T07:46:44","slug":"megamerchant-eczacibasi","status":"publish","type":"page","link":"https:\/\/themegamerchant.com\/en\/megamerchant-eczacibasi\/","title":{"rendered":"MegaMerchant &amp; Eczac\u0131ba\u015f\u0131"},"content":{"rendered":"\t\t<div data-elementor-type=\"wp-page\" data-elementor-id=\"5506\" class=\"elementor elementor-5506 elementor-3192\">\n\t\t\t\t\t\t\t\t\t<section class=\"elementor-section elementor-top-section elementor-element elementor-element-fc5abbe elementor-section-boxed elementor-section-height-default elementor-section-height-default\" data-id=\"fc5abbe\" data-element_type=\"section\">\n\t\t\t\t\t\t<div class=\"elementor-container elementor-column-gap-default\">\n\t\t\t\t\t<div class=\"elementor-column elementor-col-100 elementor-top-column elementor-element elementor-element-ae71830\" data-id=\"ae71830\" data-element_type=\"column\">\n\t\t\t<div class=\"elementor-widget-wrap elementor-element-populated\">\n\t\t\t\t\t\t\t\t<div class=\"elementor-element elementor-element-ffc3326 elementor-widget elementor-widget-heading\" data-id=\"ffc3326\" data-element_type=\"widget\" data-widget_type=\"heading.default\">\n\t\t\t\t<div class=\"elementor-widget-container\">\n\t\t\t<style>\/*! elementor - v3.11.0 - 13-02-2023 *\/\n.elementor-heading-title{padding:0;margin:0;line-height:1}.elementor-widget-heading .elementor-heading-title[class*=elementor-size-]>a{color:inherit;font-size:inherit;line-height:inherit}.elementor-widget-heading .elementor-heading-title.elementor-size-small{font-size:15px}.elementor-widget-heading .elementor-heading-title.elementor-size-medium{font-size:19px}.elementor-widget-heading .elementor-heading-title.elementor-size-large{font-size:29px}.elementor-widget-heading .elementor-heading-title.elementor-size-xl{font-size:39px}.elementor-widget-heading .elementor-heading-title.elementor-size-xxl{font-size:59px}<\/style><h4 class=\"elementor-heading-title elementor-size-default\">MegaMerchant x Eczac\u0131ba\u015f\u0131: Selpak Meets European Consumers via Amazon Germany<\/h4>\t\t<\/div>\n\t\t\t\t<\/div>\n\t\t\t\t<div class=\"elementor-element elementor-element-8cc9342 elementor-widget elementor-widget-image\" data-id=\"8cc9342\" data-element_type=\"widget\" data-widget_type=\"image.default\">\n\t\t\t\t<div class=\"elementor-widget-container\">\n\t\t\t<style>\/*! elementor - v3.11.0 - 13-02-2023 *\/\n.elementor-widget-image{text-align:center}.elementor-widget-image a{display:inline-block}.elementor-widget-image a img[src$=\".svg\"]{width:48px}.elementor-widget-image img{vertical-align:middle;display:inline-block}<\/style>\t\t\t\t\t\t\t\t\t\t\t\t<img decoding=\"async\" width=\"1024\" height=\"768\" src=\"https:\/\/themegamerchant.com\/wp-content\/uploads\/2023\/04\/ebasimm.jpg\" class=\"attachment-full size-full wp-image-3174\" alt=\"\" srcset=\"https:\/\/themegamerchant.com\/wp-content\/uploads\/2023\/04\/ebasimm.jpg 1024w, https:\/\/themegamerchant.com\/wp-content\/uploads\/2023\/04\/ebasimm-300x225.jpg 300w, https:\/\/themegamerchant.com\/wp-content\/uploads\/2023\/04\/ebasimm-768x576.jpg 768w, https:\/\/themegamerchant.com\/wp-content\/uploads\/2023\/04\/ebasimm-650x488.jpg 650w\" sizes=\"(max-width: 1024px) 100vw, 1024px\" \/>\t\t\t\t\t\t\t\t\t\t\t\t\t\t\t<\/div>\n\t\t\t\t<\/div>\n\t\t\t\t<div class=\"elementor-element elementor-element-63e6176 elementor-widget elementor-widget-text-editor\" data-id=\"63e6176\" data-element_type=\"widget\" data-widget_type=\"text-editor.default\">\n\t\t\t\t<div class=\"elementor-widget-container\">\n\t\t\t<style>\/*! elementor - v3.11.0 - 13-02-2023 *\/\n.elementor-widget-text-editor.elementor-drop-cap-view-stacked .elementor-drop-cap{background-color:#818a91;color:#fff}.elementor-widget-text-editor.elementor-drop-cap-view-framed .elementor-drop-cap{color:#818a91;border:3px solid;background-color:transparent}.elementor-widget-text-editor:not(.elementor-drop-cap-view-default) .elementor-drop-cap{margin-top:8px}.elementor-widget-text-editor:not(.elementor-drop-cap-view-default) .elementor-drop-cap-letter{width:1em;height:1em}.elementor-widget-text-editor .elementor-drop-cap{float:left;text-align:center;line-height:1;font-size:50px}.elementor-widget-text-editor .elementor-drop-cap-letter{display:inline-block}<\/style>\t\t\t\t<p>Within the scope of the cooperation between Eczac\u0131ba\u015f\u0131 T\u00fcketim \u00dcr\u00fcnleri and MegaMerchant, Selpak and Unibaby, one of the popular brands of Turkey, will reach consumers in Germany first, then England, America, India and China through eihracat with the MegaMerchant infrastructure. With this strategy, millions of customers, especially Amazon, Walmart and eBay, will have easy access to the products of Selpak and Unibaby brands.<\/p>\n<p>Thanks to the listing, content, marketing and in-platform advertising management managed by the Propars infrastructure, product quality, supply continuity and competitive price policy will be presented together, and thanks to the integrated fulfillment infrastructure, orders will be processed on the same day and delivered to the customer in 2 days with low logistics costs. Thanks to this cooperation, we have had the opportunity to present Turkey&#8217;s quality and competitive products to the world markets.<\/p>\n<p>In this journey that we will move forward with Selpak and Unibaby products, we will continue our efforts to open many Turkish brands to the world markets.<\/p>\n<p>Join us on the journey of presenting Turkey&#8217;s quality products to the world markets, together with MegaMerchant!<\/p>\n\t\t\t\t\t\t<\/div>\n\t\t\t\t<\/div>\n\t\t\t\t<div class=\"elementor-element elementor-element-64f0084 elementor-align-left animated-fast elementor-invisible elementor-widget elementor-widget-button\" data-id=\"64f0084\" data-element_type=\"widget\" data-settings=\"{&quot;_animation&quot;:&quot;zoomIn&quot;,&quot;_animation_delay&quot;:500}\" data-widget_type=\"button.default\">\n\t\t\t\t<div class=\"elementor-widget-container\">\n\t\t\t\t\t<div class=\"elementor-button-wrapper\">\n\t\t\t<a href=\"#elementor-action%3Aaction%3Dpopup%3Aopen%26settings%3DeyJpZCI6NjAzNSwidG9nZ2xlIjpmYWxzZX0%3D\" class=\"elementor-button-link elementor-button elementor-size-md\" role=\"button\">\n\t\t\t\t\t\t<span class=\"elementor-button-content-wrapper\">\n\t\t\t\t\t\t\t<span class=\"elementor-button-icon elementor-align-icon-left\">\n\t\t\t\t<svg aria-hidden=\"true\" class=\"e-font-icon-svg e-far-comment-alt\" viewBox=\"0 0 512 512\" xmlns=\"http:\/\/www.w3.org\/2000\/svg\"><path d=\"M448 0H64C28.7 0 0 28.7 0 64v288c0 35.3 28.7 64 64 64h96v84c0 7.1 5.8 12 12 12 2.4 0 4.9-.7 7.1-2.4L304 416h144c35.3 0 64-28.7 64-64V64c0-35.3-28.7-64-64-64zm16 352c0 8.8-7.2 16-16 16H288l-12.8 9.6L208 428v-60H64c-8.8 0-16-7.2-16-16V64c0-8.8 7.2-16 16-16h384c8.8 0 16 7.2 16 16v288z\"><\/path><\/svg>\t\t\t<\/span>\n\t\t\t\t\t\t<span class=\"elementor-button-text\">Contact Us<\/span>\n\t\t<\/span>\n\t\t\t\t\t<\/a>\n\t\t<\/div>\n\t\t\t\t<\/div>\n\t\t\t\t<\/div>\n\t\t\t\t\t<\/div>\n\t\t<\/div>\n\t\t\t\t\t\t\t<\/div>\n\t\t<\/section>\n\t\t\t\t\t\t\t<\/div>\n\t\t","protected":false},"excerpt":{"rendered":"<p>MegaMerchant x Eczac\u0131ba\u015f\u0131: Selpak Meets European Consumers via Amazon Germany Within the scope of the cooperation between Eczac\u0131ba\u015f\u0131 T\u00fcketim \u00dcr\u00fcnleri and MegaMerchant, [&hellip;]<\/p>\n","protected":false},"author":1,"featured_media":5343,"parent":0,"menu_order":0,"comment_status":"closed","ping_status":"closed","template":"","meta":{"footnotes":""},"class_list":["post-5506","page","type-page","status-publish","has-post-thumbnail","hentry"],"_links":{"self":[{"href":"https:\/\/themegamerchant.com\/en\/wp-json\/wp\/v2\/pages\/5506","targetHints":{"allow":["GET"]}}],"collection":[{"href":"https:\/\/themegamerchant.com\/en\/wp-json\/wp\/v2\/pages"}],"about":[{"href":"https:\/\/themegamerchant.com\/en\/wp-json\/wp\/v2\/types\/page"}],"author":[{"embeddable":true,"href":"https:\/\/themegamerchant.com\/en\/wp-json\/wp\/v2\/users\/1"}],"replies":[{"embeddable":true,"href":"https:\/\/themegamerchant.com\/en\/wp-json\/wp\/v2\/comments?post=5506"}],"version-history":[{"count":3,"href":"https:\/\/themegamerchant.com\/en\/wp-json\/wp\/v2\/pages\/5506\/revisions"}],"predecessor-version":[{"id":6071,"href":"https:\/\/themegamerchant.com\/en\/wp-json\/wp\/v2\/pages\/5506\/revisions\/6071"}],"wp:featuredmedia":[{"embeddable":true,"href":"https:\/\/themegamerchant.com\/en\/wp-json\/wp\/v2\/media\/5343"}],"wp:attachment":[{"href":"https:\/\/themegamerchant.com\/en\/wp-json\/wp\/v2\/media?parent=5506"}],"curies":[{"name":"wp","href":"https:\/\/api.w.org\/{rel}","templated":true}]}}