{"id":5536,"date":"2023-04-18T10:56:51","date_gmt":"2023-04-18T10:56:51","guid":{"rendered":"https:\/\/themegamerchant.com\/success-stories\/"},"modified":"2023-06-21T07:45:35","modified_gmt":"2023-06-21T07:45:35","slug":"success-stories","status":"publish","type":"page","link":"https:\/\/themegamerchant.com\/en\/success-stories\/","title":{"rendered":"Success Stories"},"content":{"rendered":"\t\t<div data-elementor-type=\"wp-page\" data-elementor-id=\"5536\" class=\"elementor elementor-5536 elementor-3162\">\n\t\t\t\t\t\t\t\t\t<section class=\"elementor-section elementor-top-section elementor-element elementor-element-975d670 elementor-section-boxed elementor-section-height-default elementor-section-height-default\" data-id=\"975d670\" data-element_type=\"section\">\n\t\t\t\t\t\t<div class=\"elementor-container elementor-column-gap-default\">\n\t\t\t\t\t<div data-ep-wrapper-link=\"{&quot;url&quot;:&quot;https:\\\/\\\/themegamerchant.com\\\/megamerchant-x-english-home-turkiyenin-kalitesi-dunya-pazarlarinda\\\/&quot;,&quot;is_external&quot;:&quot;&quot;,&quot;nofollow&quot;:&quot;&quot;,&quot;custom_attributes&quot;:&quot;&quot;}\" style=\"cursor: pointer\" class=\"bdt-element-link elementor-column elementor-col-33 elementor-top-column elementor-element elementor-element-02da561\" data-id=\"02da561\" data-element_type=\"column\" data-settings=\"{&quot;background_background&quot;:&quot;classic&quot;}\">\n\t\t\t<div class=\"elementor-widget-wrap elementor-element-populated\">\n\t\t\t\t\t\t\t\t<div class=\"elementor-element elementor-element-aaa6131 elementor-widget elementor-widget-image\" data-id=\"aaa6131\" data-element_type=\"widget\" data-widget_type=\"image.default\">\n\t\t\t\t<div class=\"elementor-widget-container\">\n\t\t\t<style>\/*! elementor - v3.11.0 - 13-02-2023 *\/\n.elementor-widget-image{text-align:center}.elementor-widget-image a{display:inline-block}.elementor-widget-image a img[src$=\".svg\"]{width:48px}.elementor-widget-image img{vertical-align:middle;display:inline-block}<\/style>\t\t\t\t\t\t\t\t\t\t\t\t<img decoding=\"async\" width=\"1920\" height=\"1200\" src=\"https:\/\/themegamerchant.com\/wp-content\/uploads\/2023\/05\/Frame-3.png\" class=\"attachment-full size-full wp-image-3650\" alt=\"\" srcset=\"https:\/\/themegamerchant.com\/wp-content\/uploads\/2023\/05\/Frame-3.png 1920w, https:\/\/themegamerchant.com\/wp-content\/uploads\/2023\/05\/Frame-3-300x188.png 300w, https:\/\/themegamerchant.com\/wp-content\/uploads\/2023\/05\/Frame-3-1024x640.png 1024w, https:\/\/themegamerchant.com\/wp-content\/uploads\/2023\/05\/Frame-3-768x480.png 768w, https:\/\/themegamerchant.com\/wp-content\/uploads\/2023\/05\/Frame-3-1536x960.png 1536w, https:\/\/themegamerchant.com\/wp-content\/uploads\/2023\/05\/Frame-3-650x406.png 650w\" sizes=\"(max-width: 1920px) 100vw, 1920px\" \/>\t\t\t\t\t\t\t\t\t\t\t\t\t\t\t<\/div>\n\t\t\t\t<\/div>\n\t\t\t\t<div class=\"elementor-element elementor-element-18a86fb elementor-widget elementor-widget-heading\" data-id=\"18a86fb\" data-element_type=\"widget\" data-widget_type=\"heading.default\">\n\t\t\t\t<div class=\"elementor-widget-container\">\n\t\t\t<style>\/*! elementor - v3.11.0 - 13-02-2023 *\/\n.elementor-heading-title{padding:0;margin:0;line-height:1}.elementor-widget-heading .elementor-heading-title[class*=elementor-size-]>a{color:inherit;font-size:inherit;line-height:inherit}.elementor-widget-heading .elementor-heading-title.elementor-size-small{font-size:15px}.elementor-widget-heading .elementor-heading-title.elementor-size-medium{font-size:19px}.elementor-widget-heading .elementor-heading-title.elementor-size-large{font-size:29px}.elementor-widget-heading .elementor-heading-title.elementor-size-xl{font-size:39px}.elementor-widget-heading .elementor-heading-title.elementor-size-xxl{font-size:59px}<\/style><h4 class=\"elementor-heading-title elementor-size-default\">MegaMerchant x English Home: Turkey's Quality in World Markets<\/h4>\t\t<\/div>\n\t\t\t\t<\/div>\n\t\t\t\t<div class=\"elementor-element elementor-element-ea2dd1c elementor-widget elementor-widget-text-editor\" data-id=\"ea2dd1c\" data-element_type=\"widget\" data-widget_type=\"text-editor.default\">\n\t\t\t\t<div class=\"elementor-widget-container\">\n\t\t\t<style>\/*! elementor - v3.11.0 - 13-02-2023 *\/\n.elementor-widget-text-editor.elementor-drop-cap-view-stacked .elementor-drop-cap{background-color:#818a91;color:#fff}.elementor-widget-text-editor.elementor-drop-cap-view-framed .elementor-drop-cap{color:#818a91;border:3px solid;background-color:transparent}.elementor-widget-text-editor:not(.elementor-drop-cap-view-default) .elementor-drop-cap{margin-top:8px}.elementor-widget-text-editor:not(.elementor-drop-cap-view-default) .elementor-drop-cap-letter{width:1em;height:1em}.elementor-widget-text-editor .elementor-drop-cap{float:left;text-align:center;line-height:1;font-size:50px}.elementor-widget-text-editor .elementor-drop-cap-letter{display:inline-block}<\/style>\t\t\t\t<p>As MegaMerchant, we are proud to cooperate with English Home, one of the leading brands in Turkey!<br \/><a style=\"font-weight: 650;\" href=\"https:\/\/themegamerchant.com\/en\/megamerchant-english-home\/\">See More \u00bb<\/a><\/p>\n\t\t\t\t\t\t<\/div>\n\t\t\t\t<\/div>\n\t\t\t\t\t<\/div>\n\t\t<\/div>\n\t\t\t\t<div data-ep-wrapper-link=\"{&quot;url&quot;:&quot;https:\\\/\\\/themegamerchant.com\\\/megamerchant-x-eczacibasi-selpak-amazon-almanya-uzerinden-avrupali-tuketicilerle-bulusuyor\\\/&quot;,&quot;is_external&quot;:&quot;&quot;,&quot;nofollow&quot;:&quot;&quot;,&quot;custom_attributes&quot;:&quot;&quot;}\" style=\"cursor: pointer\" class=\"bdt-element-link elementor-column elementor-col-33 elementor-top-column elementor-element elementor-element-add395d\" data-id=\"add395d\" data-element_type=\"column\" data-settings=\"{&quot;background_background&quot;:&quot;classic&quot;}\">\n\t\t\t<div class=\"elementor-widget-wrap elementor-element-populated\">\n\t\t\t\t\t\t\t\t<div class=\"elementor-element elementor-element-31feeb3 elementor-widget elementor-widget-image\" data-id=\"31feeb3\" data-element_type=\"widget\" data-widget_type=\"image.default\">\n\t\t\t\t<div class=\"elementor-widget-container\">\n\t\t\t\t\t\t\t\t\t\t\t\t\t\t\t<img decoding=\"async\" width=\"1920\" height=\"1200\" src=\"https:\/\/themegamerchant.com\/wp-content\/uploads\/2023\/05\/Frame-1.png\" class=\"attachment-full size-full wp-image-3652\" alt=\"\" srcset=\"https:\/\/themegamerchant.com\/wp-content\/uploads\/2023\/05\/Frame-1.png 1920w, https:\/\/themegamerchant.com\/wp-content\/uploads\/2023\/05\/Frame-1-300x188.png 300w, https:\/\/themegamerchant.com\/wp-content\/uploads\/2023\/05\/Frame-1-1024x640.png 1024w, https:\/\/themegamerchant.com\/wp-content\/uploads\/2023\/05\/Frame-1-768x480.png 768w, https:\/\/themegamerchant.com\/wp-content\/uploads\/2023\/05\/Frame-1-1536x960.png 1536w, https:\/\/themegamerchant.com\/wp-content\/uploads\/2023\/05\/Frame-1-650x406.png 650w\" sizes=\"(max-width: 1920px) 100vw, 1920px\" \/>\t\t\t\t\t\t\t\t\t\t\t\t\t\t\t<\/div>\n\t\t\t\t<\/div>\n\t\t\t\t<div class=\"elementor-element elementor-element-ba3b820 elementor-widget elementor-widget-heading\" data-id=\"ba3b820\" data-element_type=\"widget\" data-widget_type=\"heading.default\">\n\t\t\t\t<div class=\"elementor-widget-container\">\n\t\t\t<h4 class=\"elementor-heading-title elementor-size-default\">MegaMerchant x Eczac\u0131ba\u015f\u0131: Selpak Meets European Consumers via Amazon Germany<\/h4>\t\t<\/div>\n\t\t\t\t<\/div>\n\t\t\t\t<div class=\"elementor-element elementor-element-f84ac68 elementor-widget elementor-widget-text-editor\" data-id=\"f84ac68\" data-element_type=\"widget\" data-widget_type=\"text-editor.default\">\n\t\t\t\t<div class=\"elementor-widget-container\">\n\t\t\t\t\t\t\t<p>As MegaMerchant, we are proud to cooperate with one of Turkey&#8217;s leading brands, Eczac\u0131ba\u015f\u0131!<br \/><a style=\"font-weight: 650;\" href=\"https:\/\/themegamerchant.com\/en\/megamerchant-eczacibasi\/\">See More \u00bb<\/a><\/p>\n\t\t\t\t\t\t<\/div>\n\t\t\t\t<\/div>\n\t\t\t\t\t<\/div>\n\t\t<\/div>\n\t\t\t\t<div data-ep-wrapper-link=\"{&quot;url&quot;:&quot;https:\\\/\\\/themegamerchant.com\\\/megamerchant-x-earlap-kulak-saklama-ihtiyacina-son-veren-inovatif-urun-avrupada\\\/&quot;,&quot;is_external&quot;:&quot;&quot;,&quot;nofollow&quot;:&quot;&quot;,&quot;custom_attributes&quot;:&quot;&quot;}\" style=\"cursor: pointer\" class=\"bdt-element-link elementor-column elementor-col-33 elementor-top-column elementor-element elementor-element-da8d1c6\" data-id=\"da8d1c6\" data-element_type=\"column\" data-settings=\"{&quot;background_background&quot;:&quot;classic&quot;}\">\n\t\t\t<div class=\"elementor-widget-wrap elementor-element-populated\">\n\t\t\t\t\t\t\t\t<div class=\"elementor-element elementor-element-1fb694a elementor-widget elementor-widget-image\" data-id=\"1fb694a\" data-element_type=\"widget\" data-widget_type=\"image.default\">\n\t\t\t\t<div class=\"elementor-widget-container\">\n\t\t\t\t\t\t\t\t\t\t\t\t\t\t\t<img decoding=\"async\" width=\"1920\" height=\"1200\" src=\"https:\/\/themegamerchant.com\/wp-content\/uploads\/2023\/05\/Frame-2.png\" class=\"attachment-full size-full wp-image-3651\" alt=\"\" srcset=\"https:\/\/themegamerchant.com\/wp-content\/uploads\/2023\/05\/Frame-2.png 1920w, https:\/\/themegamerchant.com\/wp-content\/uploads\/2023\/05\/Frame-2-300x188.png 300w, https:\/\/themegamerchant.com\/wp-content\/uploads\/2023\/05\/Frame-2-1024x640.png 1024w, https:\/\/themegamerchant.com\/wp-content\/uploads\/2023\/05\/Frame-2-768x480.png 768w, https:\/\/themegamerchant.com\/wp-content\/uploads\/2023\/05\/Frame-2-1536x960.png 1536w, https:\/\/themegamerchant.com\/wp-content\/uploads\/2023\/05\/Frame-2-650x406.png 650w\" sizes=\"(max-width: 1920px) 100vw, 1920px\" \/>\t\t\t\t\t\t\t\t\t\t\t\t\t\t\t<\/div>\n\t\t\t\t<\/div>\n\t\t\t\t<div class=\"elementor-element elementor-element-fd8cbf2 elementor-widget elementor-widget-heading\" data-id=\"fd8cbf2\" data-element_type=\"widget\" data-widget_type=\"heading.default\">\n\t\t\t\t<div class=\"elementor-widget-container\">\n\t\t\t<h4 class=\"elementor-heading-title elementor-size-default\">MegaMerchant x Earlap: An Innovative Product That Puts An End To The Need For Ear Hiding In Europe!<\/h4>\t\t<\/div>\n\t\t\t\t<\/div>\n\t\t\t\t<div class=\"elementor-element elementor-element-40cb520 elementor-widget elementor-widget-text-editor\" data-id=\"40cb520\" data-element_type=\"widget\" data-widget_type=\"text-editor.default\">\n\t\t\t\t<div class=\"elementor-widget-container\">\n\t\t\t\t\t\t\t<p>As MegaMerchant, we are proud to cooperate with EARLAP, one of the important works produced in Turkey!<br \/><a style=\"font-weight: 650;\" href=\"https:\/\/themegamerchant.com\/en\/megamerchant-earlap\/\">See More \u00bb<\/a><\/p>\n\t\t\t\t\t\t<\/div>\n\t\t\t\t<\/div>\n\t\t\t\t\t<\/div>\n\t\t<\/div>\n\t\t\t\t\t\t\t<\/div>\n\t\t<\/section>\n\t\t\t\t<section class=\"elementor-section elementor-top-section elementor-element elementor-element-91aecae elementor-section-boxed elementor-section-height-default elementor-section-height-default\" data-id=\"91aecae\" data-element_type=\"section\">\n\t\t\t\t\t\t<div class=\"elementor-container elementor-column-gap-default\">\n\t\t\t\t\t<div data-ep-wrapper-link=\"{&quot;url&quot;:&quot;https:\\\/\\\/themegamerchant.com\\\/bursadan-dunyaya-acilan-bir-is-birligi-megamerchant-megasan\\\/&quot;,&quot;is_external&quot;:&quot;&quot;,&quot;nofollow&quot;:&quot;&quot;,&quot;custom_attributes&quot;:&quot;&quot;}\" style=\"cursor: pointer\" class=\"bdt-element-link elementor-column elementor-col-33 elementor-top-column elementor-element elementor-element-0b4a826\" data-id=\"0b4a826\" data-element_type=\"column\" data-settings=\"{&quot;background_background&quot;:&quot;classic&quot;}\">\n\t\t\t<div class=\"elementor-widget-wrap elementor-element-populated\">\n\t\t\t\t\t\t\t\t<div class=\"elementor-element elementor-element-b5b9bc5 elementor-widget elementor-widget-image\" data-id=\"b5b9bc5\" data-element_type=\"widget\" data-widget_type=\"image.default\">\n\t\t\t\t<div class=\"elementor-widget-container\">\n\t\t\t\t\t\t\t\t\t\t\t\t\t\t\t<img decoding=\"async\" width=\"1920\" height=\"1200\" src=\"https:\/\/themegamerchant.com\/wp-content\/uploads\/2023\/05\/Bursadan-Dunyaya-Acilan-Bir-Is-Birligi-MegaMerchant-MegaSan-Google-Docs.png\" class=\"attachment-full size-full wp-image-4659\" alt=\"\" srcset=\"https:\/\/themegamerchant.com\/wp-content\/uploads\/2023\/05\/Bursadan-Dunyaya-Acilan-Bir-Is-Birligi-MegaMerchant-MegaSan-Google-Docs.png 1920w, https:\/\/themegamerchant.com\/wp-content\/uploads\/2023\/05\/Bursadan-Dunyaya-Acilan-Bir-Is-Birligi-MegaMerchant-MegaSan-Google-Docs-300x188.png 300w, https:\/\/themegamerchant.com\/wp-content\/uploads\/2023\/05\/Bursadan-Dunyaya-Acilan-Bir-Is-Birligi-MegaMerchant-MegaSan-Google-Docs-1024x640.png 1024w, https:\/\/themegamerchant.com\/wp-content\/uploads\/2023\/05\/Bursadan-Dunyaya-Acilan-Bir-Is-Birligi-MegaMerchant-MegaSan-Google-Docs-768x480.png 768w, https:\/\/themegamerchant.com\/wp-content\/uploads\/2023\/05\/Bursadan-Dunyaya-Acilan-Bir-Is-Birligi-MegaMerchant-MegaSan-Google-Docs-1536x960.png 1536w, https:\/\/themegamerchant.com\/wp-content\/uploads\/2023\/05\/Bursadan-Dunyaya-Acilan-Bir-Is-Birligi-MegaMerchant-MegaSan-Google-Docs-650x406.png 650w\" sizes=\"(max-width: 1920px) 100vw, 1920px\" \/>\t\t\t\t\t\t\t\t\t\t\t\t\t\t\t<\/div>\n\t\t\t\t<\/div>\n\t\t\t\t<div class=\"elementor-element elementor-element-abb71e2 elementor-widget elementor-widget-heading\" data-id=\"abb71e2\" data-element_type=\"widget\" data-widget_type=\"heading.default\">\n\t\t\t\t<div class=\"elementor-widget-container\">\n\t\t\t<h4 class=\"elementor-heading-title elementor-size-default\">A Cooperation Opening to the World from Bursa \u2013 MegaMerchant &amp; MegaSan<\/h4>\t\t<\/div>\n\t\t\t\t<\/div>\n\t\t\t\t<div class=\"elementor-element elementor-element-17cd1e1 elementor-widget elementor-widget-text-editor\" data-id=\"17cd1e1\" data-element_type=\"widget\" data-widget_type=\"text-editor.default\">\n\t\t\t\t<div class=\"elementor-widget-container\">\n\t\t\t\t\t\t\t<p>MegaMerchant is a leading e-export company that brings local manufacturers and SMEs to a worldwide platform. <br \/><a style=\"font-weight: 650;\" href=\"https:\/\/themegamerchant.com\/en\/megamerchant-megasan\/\">See More \u00bb<\/a><\/p>\n\t\t\t\t\t\t<\/div>\n\t\t\t\t<\/div>\n\t\t\t\t\t<\/div>\n\t\t<\/div>\n\t\t\t\t<div data-ep-wrapper-link=\"{&quot;url&quot;:&quot;https:\\\/\\\/themegamerchant.com\\\/baraz-megamerchant\\\/&quot;,&quot;is_external&quot;:&quot;&quot;,&quot;nofollow&quot;:&quot;&quot;,&quot;custom_attributes&quot;:&quot;&quot;}\" style=\"cursor: pointer\" class=\"bdt-element-link elementor-column elementor-col-33 elementor-top-column elementor-element elementor-element-631031b\" data-id=\"631031b\" data-element_type=\"column\" data-settings=\"{&quot;background_background&quot;:&quot;classic&quot;}\">\n\t\t\t<div class=\"elementor-widget-wrap elementor-element-populated\">\n\t\t\t\t\t\t\t\t<div class=\"elementor-element elementor-element-9b91b9d elementor-widget elementor-widget-image\" data-id=\"9b91b9d\" data-element_type=\"widget\" data-widget_type=\"image.default\">\n\t\t\t\t<div class=\"elementor-widget-container\">\n\t\t\t\t\t\t\t\t\t\t\t\t\t\t\t<img decoding=\"async\" width=\"1920\" height=\"1200\" src=\"https:\/\/themegamerchant.com\/wp-content\/uploads\/2023\/05\/zeytinyagli.png\" class=\"attachment-full size-full wp-image-4674\" alt=\"\" srcset=\"https:\/\/themegamerchant.com\/wp-content\/uploads\/2023\/05\/zeytinyagli.png 1920w, https:\/\/themegamerchant.com\/wp-content\/uploads\/2023\/05\/zeytinyagli-300x188.png 300w, https:\/\/themegamerchant.com\/wp-content\/uploads\/2023\/05\/zeytinyagli-1024x640.png 1024w, https:\/\/themegamerchant.com\/wp-content\/uploads\/2023\/05\/zeytinyagli-768x480.png 768w, https:\/\/themegamerchant.com\/wp-content\/uploads\/2023\/05\/zeytinyagli-1536x960.png 1536w, https:\/\/themegamerchant.com\/wp-content\/uploads\/2023\/05\/zeytinyagli-650x406.png 650w\" sizes=\"(max-width: 1920px) 100vw, 1920px\" \/>\t\t\t\t\t\t\t\t\t\t\t\t\t\t\t<\/div>\n\t\t\t\t<\/div>\n\t\t\t\t<div class=\"elementor-element elementor-element-717d411 elementor-widget elementor-widget-heading\" data-id=\"717d411\" data-element_type=\"widget\" data-widget_type=\"heading.default\">\n\t\t\t\t<div class=\"elementor-widget-container\">\n\t\t\t<h4 class=\"elementor-heading-title elementor-size-default\">Baraz Soaps: A Success Story Bringing Nature's Healing Touch to Skin Care <\/h4>\t\t<\/div>\n\t\t\t\t<\/div>\n\t\t\t\t<div class=\"elementor-element elementor-element-4f4e954 elementor-widget elementor-widget-text-editor\" data-id=\"4f4e954\" data-element_type=\"widget\" data-widget_type=\"text-editor.default\">\n\t\t\t\t<div class=\"elementor-widget-container\">\n\t\t\t\t\t\t\t<p>Zeynep Gen\u00e7er is an entrepreneur who took her passion for natural and sustainable skin care one step further and created the Baraz Soaps brand with pure and natural soaps produced from edible pure olive oil.<br \/><a style=\"font-weight: 650;\" href=\"https:\/\/themegamerchant.com\/en\/megamerchant-baraz-soaps\/\">See More \u00bb<\/a><\/p>\n\t\t\t\t\t\t<\/div>\n\t\t\t\t<\/div>\n\t\t\t\t\t<\/div>\n\t\t<\/div>\n\t\t\t\t<div data-ep-wrapper-link=\"{&quot;url&quot;:&quot;https:\\\/\\\/themegamerchant.com\\\/basari-hikayesi-megamerchant-amazon-ads-verified-partneri-olarak-birlikte-buyuyoruz\\\/&quot;,&quot;is_external&quot;:&quot;&quot;,&quot;nofollow&quot;:&quot;&quot;,&quot;custom_attributes&quot;:&quot;&quot;}\" style=\"cursor: pointer\" class=\"bdt-element-link elementor-column elementor-col-33 elementor-top-column elementor-element elementor-element-6e6360a\" data-id=\"6e6360a\" data-element_type=\"column\" data-settings=\"{&quot;background_background&quot;:&quot;classic&quot;}\">\n\t\t\t<div class=\"elementor-widget-wrap elementor-element-populated\">\n\t\t\t\t\t\t\t\t<div class=\"elementor-element elementor-element-c68a23c elementor-widget elementor-widget-image\" data-id=\"c68a23c\" data-element_type=\"widget\" data-widget_type=\"image.default\">\n\t\t\t\t<div class=\"elementor-widget-container\">\n\t\t\t\t\t\t\t\t\t\t\t\t\t\t\t<img decoding=\"async\" width=\"1920\" height=\"1200\" src=\"https:\/\/themegamerchant.com\/wp-content\/uploads\/2023\/05\/verified-ads-basari-hikayesi-Google-Docs.png\" class=\"attachment-full size-full wp-image-4669\" alt=\"\" srcset=\"https:\/\/themegamerchant.com\/wp-content\/uploads\/2023\/05\/verified-ads-basari-hikayesi-Google-Docs.png 1920w, https:\/\/themegamerchant.com\/wp-content\/uploads\/2023\/05\/verified-ads-basari-hikayesi-Google-Docs-300x188.png 300w, https:\/\/themegamerchant.com\/wp-content\/uploads\/2023\/05\/verified-ads-basari-hikayesi-Google-Docs-1024x640.png 1024w, https:\/\/themegamerchant.com\/wp-content\/uploads\/2023\/05\/verified-ads-basari-hikayesi-Google-Docs-768x480.png 768w, https:\/\/themegamerchant.com\/wp-content\/uploads\/2023\/05\/verified-ads-basari-hikayesi-Google-Docs-1536x960.png 1536w, https:\/\/themegamerchant.com\/wp-content\/uploads\/2023\/05\/verified-ads-basari-hikayesi-Google-Docs-650x406.png 650w\" sizes=\"(max-width: 1920px) 100vw, 1920px\" \/>\t\t\t\t\t\t\t\t\t\t\t\t\t\t\t<\/div>\n\t\t\t\t<\/div>\n\t\t\t\t<div class=\"elementor-element elementor-element-f473b4b elementor-widget elementor-widget-heading\" data-id=\"f473b4b\" data-element_type=\"widget\" data-widget_type=\"heading.default\">\n\t\t\t\t<div class=\"elementor-widget-container\">\n\t\t\t<h4 class=\"elementor-heading-title elementor-size-default\">MegaMerchant \u2013 Growing Together as Amazon Ads Verified Partner!<\/h4>\t\t<\/div>\n\t\t\t\t<\/div>\n\t\t\t\t<div class=\"elementor-element elementor-element-0b84d07 elementor-widget elementor-widget-text-editor\" data-id=\"0b84d07\" data-element_type=\"widget\" data-widget_type=\"text-editor.default\">\n\t\t\t\t<div class=\"elementor-widget-container\">\n\t\t\t\t\t\t\t<p>As MegaMerchant, we are proud to serve you as an Amazon Ads Verified Partner. We achieve great success with this service we offer for the brands we work with.<\/p>\n<p><a style=\"font-weight: 650;\" href=\"https:\/\/themegamerchant.com\/en\/megamerchant-amazon-ads-verified\/\">See More \u00bb<\/a><\/p>\n\t\t\t\t\t\t<\/div>\n\t\t\t\t<\/div>\n\t\t\t\t\t<\/div>\n\t\t<\/div>\n\t\t\t\t\t\t\t<\/div>\n\t\t<\/section>\n\t\t\t\t<section class=\"elementor-section elementor-top-section elementor-element elementor-element-c2e1b62 elementor-section-boxed elementor-section-height-default elementor-section-height-default\" data-id=\"c2e1b62\" data-element_type=\"section\">\n\t\t\t\t\t\t<div class=\"elementor-container elementor-column-gap-default\">\n\t\t\t\t\t<div data-ep-wrapper-link=\"{&quot;url&quot;:&quot;https:\\\/\\\/themegamerchant.com\\\/t-c-ticaret-bakanligi-e-ihracat-konsorsiyumu-gelecegin-e-ihracat-modelinin-dogus-hikayesi\\\/&quot;,&quot;is_external&quot;:&quot;&quot;,&quot;nofollow&quot;:&quot;&quot;,&quot;custom_attributes&quot;:&quot;&quot;}\" style=\"cursor: pointer\" class=\"bdt-element-link elementor-column elementor-col-33 elementor-top-column elementor-element elementor-element-7a0574c\" data-id=\"7a0574c\" data-element_type=\"column\" data-settings=\"{&quot;background_background&quot;:&quot;classic&quot;}\">\n\t\t\t<div class=\"elementor-widget-wrap elementor-element-populated\">\n\t\t\t\t\t\t\t\t<div class=\"elementor-element elementor-element-4f9fd3e elementor-widget elementor-widget-image\" data-id=\"4f9fd3e\" data-element_type=\"widget\" data-widget_type=\"image.default\">\n\t\t\t\t<div class=\"elementor-widget-container\">\n\t\t\t\t\t\t\t\t\t\t\t\t\t\t\t<img decoding=\"async\" width=\"1200\" height=\"1200\" src=\"https:\/\/themegamerchant.com\/wp-content\/uploads\/2023\/05\/512px-1.png\" class=\"attachment-full size-full wp-image-4726\" alt=\"\" srcset=\"https:\/\/themegamerchant.com\/wp-content\/uploads\/2023\/05\/512px-1.png 1200w, https:\/\/themegamerchant.com\/wp-content\/uploads\/2023\/05\/512px-1-300x300.png 300w, https:\/\/themegamerchant.com\/wp-content\/uploads\/2023\/05\/512px-1-1024x1024.png 1024w, https:\/\/themegamerchant.com\/wp-content\/uploads\/2023\/05\/512px-1-150x150.png 150w, https:\/\/themegamerchant.com\/wp-content\/uploads\/2023\/05\/512px-1-768x768.png 768w, https:\/\/themegamerchant.com\/wp-content\/uploads\/2023\/05\/512px-1-650x650.png 650w\" sizes=\"(max-width: 1200px) 100vw, 1200px\" \/>\t\t\t\t\t\t\t\t\t\t\t\t\t\t\t<\/div>\n\t\t\t\t<\/div>\n\t\t\t\t<div class=\"elementor-element elementor-element-85ae896 elementor-widget elementor-widget-heading\" data-id=\"85ae896\" data-element_type=\"widget\" data-widget_type=\"heading.default\">\n\t\t\t\t<div class=\"elementor-widget-container\">\n\t\t\t<h4 class=\"elementor-heading-title elementor-size-default\">T.R. Ministry of Trade E-Export Consortium: The Birth Story of the E-Export Model of the Future <\/h4>\t\t<\/div>\n\t\t\t\t<\/div>\n\t\t\t\t<div class=\"elementor-element elementor-element-940e7ab elementor-widget elementor-widget-text-editor\" data-id=\"940e7ab\" data-element_type=\"widget\" data-widget_type=\"text-editor.default\">\n\t\t\t\t<div class=\"elementor-widget-container\">\n\t\t\t\t\t\t\t<p>Inspired by China&#8217;s successful e-export model, MegaMerchant was officially launched by T.C. The Ministry of Trade became a cooperation organization.<br \/><a style=\"font-weight: 650;\" href=\"https:\/\/themegamerchant.com\/en\/megamerchant-t-c-ministry-of-trade\/\">See More \u00bb<\/a><\/p>\n\t\t\t\t\t\t<\/div>\n\t\t\t\t<\/div>\n\t\t\t\t\t<\/div>\n\t\t<\/div>\n\t\t\t\t<div data-ep-wrapper-link=\"{&quot;url&quot;:&quot;https:\\\/\\\/themegamerchant.com\\\/eczacibasi-mega-merchant\\\/&quot;,&quot;is_external&quot;:&quot;&quot;,&quot;nofollow&quot;:&quot;&quot;,&quot;custom_attributes&quot;:&quot;&quot;}\" style=\"cursor: pointer\" class=\"bdt-element-link elementor-column elementor-col-33 elementor-top-column elementor-element elementor-element-c8040fb\" data-id=\"c8040fb\" data-element_type=\"column\" data-settings=\"{&quot;background_background&quot;:&quot;classic&quot;}\">\n\t\t\t<div class=\"elementor-widget-wrap\">\n\t\t\t\t\t\t\t\t\t<\/div>\n\t\t<\/div>\n\t\t\t\t<div data-ep-wrapper-link=\"{&quot;url&quot;:&quot;https:\\\/\\\/themegamerchant.com\\\/earlap-mega-merchant\\\/&quot;,&quot;is_external&quot;:&quot;&quot;,&quot;nofollow&quot;:&quot;&quot;,&quot;custom_attributes&quot;:&quot;&quot;}\" style=\"cursor: pointer\" class=\"bdt-element-link elementor-column elementor-col-33 elementor-top-column elementor-element elementor-element-e0efb96\" data-id=\"e0efb96\" data-element_type=\"column\" data-settings=\"{&quot;background_background&quot;:&quot;classic&quot;}\">\n\t\t\t<div class=\"elementor-widget-wrap\">\n\t\t\t\t\t\t\t\t\t<\/div>\n\t\t<\/div>\n\t\t\t\t\t\t\t<\/div>\n\t\t<\/section>\n\t\t\t\t\t\t\t<\/div>\n\t\t","protected":false},"excerpt":{"rendered":"<p>MegaMerchant x English Home: Turkey&#8217;s Quality in World Markets As MegaMerchant, we are proud to cooperate with English Home, one of the [&hellip;]<\/p>\n","protected":false},"author":1,"featured_media":0,"parent":0,"menu_order":0,"comment_status":"closed","ping_status":"closed","template":"","meta":{"footnotes":""},"class_list":["post-5536","page","type-page","status-publish","hentry"],"_links":{"self":[{"href":"https:\/\/themegamerchant.com\/en\/wp-json\/wp\/v2\/pages\/5536","targetHints":{"allow":["GET"]}}],"collection":[{"href":"https:\/\/themegamerchant.com\/en\/wp-json\/wp\/v2\/pages"}],"about":[{"href":"https:\/\/themegamerchant.com\/en\/wp-json\/wp\/v2\/types\/page"}],"author":[{"embeddable":true,"href":"https:\/\/themegamerchant.com\/en\/wp-json\/wp\/v2\/users\/1"}],"replies":[{"embeddable":true,"href":"https:\/\/themegamerchant.com\/en\/wp-json\/wp\/v2\/comments?post=5536"}],"version-history":[{"count":6,"href":"https:\/\/themegamerchant.com\/en\/wp-json\/wp\/v2\/pages\/5536\/revisions"}],"predecessor-version":[{"id":6049,"href":"https:\/\/themegamerchant.com\/en\/wp-json\/wp\/v2\/pages\/5536\/revisions\/6049"}],"wp:attachment":[{"href":"https:\/\/themegamerchant.com\/en\/wp-json\/wp\/v2\/media?parent=5536"}],"curies":[{"name":"wp","href":"https:\/\/api.w.org\/{rel}","templated":true}]}}